{"id":36,"date":"2023-04-27T15:53:29","date_gmt":"2023-04-27T13:53:29","guid":{"rendered":"https:\/\/hautsdefranceassurances.fr\/?page_id=36"},"modified":"2023-07-06T15:17:11","modified_gmt":"2023-07-06T13:17:11","slug":"contact","status":"publish","type":"page","link":"https:\/\/hautsdefranceassurances.fr\/?page_id=36","title":{"rendered":"Contact"},"content":{"rendered":"<p>[et_pb_section fb_built=&#8221;1&#8243; admin_label=&#8221;Header&#8221; _builder_version=&#8221;4.16.0&#8243; _module_preset=&#8221;default&#8221; background_image=&#8221;http:\/\/hautsdefranceassurances.fr\/wp-content\/uploads\/2023\/04\/Financial-Firm-bg6.png&#8221; background_size=&#8221;contain&#8221; background_position=&#8221;top_center&#8221; custom_padding=&#8221;0vw||0vw||true|false&#8221; background_last_edited=&#8221;off|desktop&#8221; background_size_tablet=&#8221;initial&#8221; background_size_phone=&#8221;initial&#8221; background_position_phone=&#8221;top_center&#8221; locked=&#8221;off&#8221; collapsed=&#8221;on&#8221; global_colors_info=&#8221;{}&#8221;][et_pb_row _builder_version=&#8221;4.16.0&#8243; _module_preset=&#8221;default&#8221; global_colors_info=&#8221;{}&#8221;][et_pb_column type=&#8221;4_4&#8243; _builder_version=&#8221;4.16.0&#8243; _module_preset=&#8221;default&#8221; global_colors_info=&#8221;{}&#8221;][et_pb_text _builder_version=&#8221;4.16.0&#8243; _module_preset=&#8221;94fa2ee4-6b60-4d0b-b837-7f0ceae12b87&#8243; header_font=&#8221;Montserrat|700|||||||&#8221; header_text_color=&#8221;#0F1154&#8243; header_font_size=&#8221;125px&#8221; header_line_height=&#8221;110%&#8221; text_orientation=&#8221;center&#8221; text_font_size_tablet=&#8221;&#8221; text_font_size_phone=&#8221;14px&#8221; text_font_size_last_edited=&#8221;on|phone&#8221; header_font_size_tablet=&#8221;40px&#8221; header_font_size_phone=&#8221;24px&#8221; header_font_size_last_edited=&#8221;on|tablet&#8221; header_2_font_size_tablet=&#8221;30px&#8221; header_2_font_size_phone=&#8221;20px&#8221; header_2_font_size_last_edited=&#8221;off|desktop&#8221; global_colors_info=&#8221;{}&#8221;]<\/p>\n<h1>Contactez-nous<\/h1>\n<p>[\/et_pb_text][\/et_pb_column][\/et_pb_row][et_pb_row column_structure=&#8221;1_3,1_3,1_3&#8243; _builder_version=&#8221;4.16.0&#8243; _module_preset=&#8221;default&#8221; custom_margin=&#8221;||||false|false&#8221; global_colors_info=&#8221;{}&#8221;][et_pb_column type=&#8221;1_3&#8243; _builder_version=&#8221;4.16.0&#8243; _module_preset=&#8221;default&#8221; global_colors_info=&#8221;{}&#8221;][et_pb_text _builder_version=&#8221;4.16.0&#8243; _module_preset=&#8221;f07e4c19-df6a-4a1c-ba9b-f1eac659f65f&#8221; header_3_font=&#8221;Montserrat|700|||||||&#8221; header_3_text_color=&#8221;#0F1154&#8243; header_3_font_size=&#8221;18px&#8221; header_3_line_height=&#8221;1.4em&#8221; text_orientation=&#8221;center&#8221; custom_margin=&#8221;||0px||false|false&#8221; header_3_font_size_tablet=&#8221;16px&#8221; header_3_font_size_phone=&#8221;14px&#8221; header_3_font_size_last_edited=&#8221;on|phone&#8221; global_colors_info=&#8221;{}&#8221;]<\/p>\n<h3>Email<\/h3>\n<p>[\/et_pb_text][et_pb_text _builder_version=&#8221;4.20.4&#8243; _module_preset=&#8221;8348b84d-ae82-4d58-9673-4e1a2b33e35e&#8221; text_font=&#8221;Roboto|500|||||||&#8221; text_text_color=&#8221;#0F1154&#8243; text_font_size=&#8221;22px&#8221; text_line_height=&#8221;1.4em&#8221; link_text_color=&#8221;#1D4EFF&#8221; header_3_text_color=&#8221;#FFFFFF&#8221; header_5_text_color=&#8221;#FFFFFF&#8221; text_orientation=&#8221;center&#8221; custom_margin=&#8221;||2vw||false|false&#8221; text_font_size_tablet=&#8221;&#8221; text_font_size_phone=&#8221;14px&#8221; text_font_size_last_edited=&#8221;on|phone&#8221; global_colors_info=&#8221;{}&#8221;]<\/p>\n<p><a href=\"mailto:infos@hautsdefranceassurances.fr\">infos@hautsdefranceassurances.fr<\/a><\/p>\n<p>[\/et_pb_text][\/et_pb_column][et_pb_column type=&#8221;1_3&#8243; _builder_version=&#8221;4.16.0&#8243; _module_preset=&#8221;default&#8221; global_colors_info=&#8221;{}&#8221;][et_pb_text _builder_version=&#8221;4.20.4&#8243; _module_preset=&#8221;f07e4c19-df6a-4a1c-ba9b-f1eac659f65f&#8221; header_3_font=&#8221;Montserrat|700|||||||&#8221; header_3_text_color=&#8221;#0F1154&#8243; header_3_font_size=&#8221;18px&#8221; header_3_line_height=&#8221;1.4em&#8221; text_orientation=&#8221;center&#8221; custom_margin=&#8221;||0px||false|false&#8221; header_3_font_size_tablet=&#8221;16px&#8221; header_3_font_size_phone=&#8221;14px&#8221; header_3_font_size_last_edited=&#8221;on|phone&#8221; locked=&#8221;off&#8221; global_colors_info=&#8221;{}&#8221;]<\/p>\n<h3>Bureau<\/h3>\n<p>[\/et_pb_text][et_pb_text _builder_version=&#8221;4.20.4&#8243; _module_preset=&#8221;8348b84d-ae82-4d58-9673-4e1a2b33e35e&#8221; text_font=&#8221;Roboto|500|||||||&#8221; text_text_color=&#8221;#0F1154&#8243; text_font_size=&#8221;22px&#8221; text_line_height=&#8221;1.4em&#8221; link_text_color=&#8221;#1D4EFF&#8221; header_3_text_color=&#8221;#FFFFFF&#8221; header_5_text_color=&#8221;#FFFFFF&#8221; text_orientation=&#8221;center&#8221; custom_margin=&#8221;||2vw||false|false&#8221; text_font_size_tablet=&#8221;&#8221; text_font_size_phone=&#8221;14px&#8221; text_font_size_last_edited=&#8221;on|phone&#8221; locked=&#8221;off&#8221; global_colors_info=&#8221;{}&#8221;]<\/p>\n<p>Centre Initia \/ Za Porte Nord<\/p>\n<p>Bruay-La-Buissi\u00e8re 62700<\/p>\n<p>[\/et_pb_text][\/et_pb_column][et_pb_column type=&#8221;1_3&#8243; _builder_version=&#8221;4.16.0&#8243; _module_preset=&#8221;default&#8221; global_colors_info=&#8221;{}&#8221;][et_pb_text _builder_version=&#8221;4.21.0&#8243; _module_preset=&#8221;f07e4c19-df6a-4a1c-ba9b-f1eac659f65f&#8221; text_font=&#8221;|700|||||||&#8221; text_font_size=&#8221;22px&#8221; header_3_font=&#8221;Montserrat|700|||||||&#8221; header_3_text_color=&#8221;#0F1154&#8243; header_3_font_size=&#8221;18px&#8221; header_3_line_height=&#8221;1.4em&#8221; text_orientation=&#8221;center&#8221; custom_margin=&#8221;||0px||false|false&#8221; header_3_font_size_tablet=&#8221;16px&#8221; header_3_font_size_phone=&#8221;14px&#8221; header_3_font_size_last_edited=&#8221;on|phone&#8221; locked=&#8221;off&#8221; global_colors_info=&#8221;{}&#8221;]<\/p>\n<h3>T\u00e9l\u00e9Phone<\/h3>\n<p>06 25 35 14 53<\/p>\n<p>[\/et_pb_text][et_pb_text _builder_version=&#8221;4.20.4&#8243; _module_preset=&#8221;8348b84d-ae82-4d58-9673-4e1a2b33e35e&#8221; text_font=&#8221;Roboto|500|||||||&#8221; text_text_color=&#8221;#0F1154&#8243; text_font_size=&#8221;22px&#8221; text_line_height=&#8221;1.4em&#8221; link_text_color=&#8221;#1D4EFF&#8221; header_3_text_color=&#8221;#FFFFFF&#8221; header_5_text_color=&#8221;#FFFFFF&#8221; text_orientation=&#8221;center&#8221; custom_margin=&#8221;||2vw||false|false&#8221; text_font_size_tablet=&#8221;&#8221; text_font_size_phone=&#8221;14px&#8221; text_font_size_last_edited=&#8221;on|phone&#8221; locked=&#8221;off&#8221; global_colors_info=&#8221;{}&#8221;]<\/p>\n<h3>06 25 35 14 53<\/h3>\n<p>[\/et_pb_text][\/et_pb_column][\/et_pb_row][et_pb_row _builder_version=&#8221;4.16.0&#8243; _module_preset=&#8221;default&#8221; custom_padding=&#8221;||0px||false|false&#8221; global_colors_info=&#8221;{}&#8221; custom_margin=&#8221;-50px|auto||auto||&#8221;][et_pb_column type=&#8221;4_4&#8243; _builder_version=&#8221;4.16.0&#8243; _module_preset=&#8221;default&#8221; global_colors_info=&#8221;{}&#8221;][et_pb_text _builder_version=&#8221;4.21.0&#8243; _module_preset=&#8221;44e52539-cead-43e5-bd57-eb8d3d608b93&#8243; header_2_font=&#8221;Montserrat|700|||||||&#8221; header_2_text_color=&#8221;#1D4EFF&#8221; header_2_font_size=&#8221;60px&#8221; header_2_line_height=&#8221;120%&#8221; header_2_font_size_tablet=&#8221;30px&#8221; header_2_font_size_phone=&#8221;20px&#8221; header_2_font_size_last_edited=&#8221;on|tablet&#8221; global_colors_info=&#8221;{}&#8221;]<\/p>\n<h2>Laissez nous vos coordonn\u00e9es, on vous recontacte directement !<\/h2>\n<p>[\/et_pb_text][\/et_pb_column][\/et_pb_row][et_pb_row column_structure=&#8221;1_2,1_2&#8243; _builder_version=&#8221;4.21.0&#8243; _module_preset=&#8221;default&#8221; global_colors_info=&#8221;{}&#8221; custom_padding=&#8221;||56px|||&#8221;][et_pb_column type=&#8221;1_2&#8243; _builder_version=&#8221;4.21.0&#8243; _module_preset=&#8221;default&#8221; global_colors_info=&#8221;{}&#8221;][et_pb_code _builder_version=&#8221;4.21.0&#8243; _module_preset=&#8221;default&#8221; hover_enabled=&#8221;0&#8243; sticky_enabled=&#8221;0&#8243;]<\/p>\n<div class=\"pipedriveWebForms\" data-pd-webforms=\"https:\/\/webforms.pipedrive.com\/f\/6OD0xicRMxVSI7fwxRDLPkGq5wpzg5OXvrOlxStaFWqGzITThryY2s4X4YA29eOYMP\"><script src=\"https:\/\/webforms.pipedrive.com\/f\/loader\"><\/script><\/div>\n<p>[\/et_pb_code][\/et_pb_column][et_pb_column type=&#8221;1_2&#8243; _builder_version=&#8221;4.21.0&#8243; _module_preset=&#8221;default&#8221; global_colors_info=&#8221;{}&#8221;][et_pb_image src=&#8221;http:\/\/hautsdefranceassurances.fr\/wp-content\/uploads\/2023\/05\/Devoir-de-conseil-1.png&#8221; title_text=&#8221;Devoir de conseil (1)&#8221; _builder_version=&#8221;4.21.0&#8243; _module_preset=&#8221;default&#8221; global_colors_info=&#8221;{}&#8221;][\/et_pb_image][\/et_pb_column][\/et_pb_row][\/et_pb_section][et_pb_section fb_built=&#8221;1&#8243; admin_label=&#8221;Contact Form&#8221; _builder_version=&#8221;4.16.0&#8243; _module_preset=&#8221;default&#8221; collapsed=&#8221;on&#8221; global_colors_info=&#8221;{}&#8221; custom_padding=&#8221;5px|||||&#8221;][et_pb_row _builder_version=&#8221;4.21.0&#8243; _module_preset=&#8221;default&#8221; hover_enabled=&#8221;0&#8243; sticky_enabled=&#8221;0&#8243; custom_padding=&#8221;81px|||||&#8221;][et_pb_column _builder_version=&#8221;4.21.0&#8243; _module_preset=&#8221;default&#8221; type=&#8221;4_4&#8243;][et_pb_text _builder_version=&#8221;4.21.0&#8243; _module_preset=&#8221;default&#8221; text_font=&#8221;|700|||||||&#8221; text_font_size=&#8221;16px&#8221; text_line_height=&#8221;2.6em&#8221; global_colors_info=&#8221;{}&#8221;]<\/p>\n<p>Vous \u00eates \u00e0 la recherche de la meilleure assurance pour vous ou votre entreprise ? Ne cherchez plus, notre cabinet est l\u00e0 pour vous aider \u00e0 trouver la solution la plus adapt\u00e9e \u00e0 vos besoins.<\/p>\n<p>Nous sommes sp\u00e9cialis\u00e9s dans les comparatifs de produits d&#8217;assurance et nous avons pour mission de vous offrir une solution sur-mesure. Notre \u00e9quipe d&#8217;experts est \u00e0 votre \u00e9coute pour comprendre vos besoins et vous proposer des solutions adapt\u00e9es, que ce soit pour votre assurance sant\u00e9, votre assurance habitation, votre assurance auto ou m\u00eame votre assurance professionnelle.<\/p>\n<p>Nous travaillons en toute transparence pour vous fournir un comparatif des meilleurs produits du march\u00e9, en prenant en compte vos crit\u00e8res et votre budget. Nous vous accompagnons dans toutes les \u00e9tapes du processus, de la comparaison des offres \u00e0 la souscription de votre nouveau contrat.<\/p>\n<p>Alors n&#8217;attendez plus pour d\u00e9couvrir nos offres de comparatifs d&#8217;assurance et pour profiter de notre expertise en la mati\u00e8re. Contactez-nous d\u00e8s aujourd&#8217;hui pour obtenir plus d&#8217;informations et pour b\u00e9n\u00e9ficier d&#8217;un devis gratuit et sans engagement.<\/p>\n<p>[\/et_pb_text][et_pb_text _builder_version=&#8221;4.21.0&#8243; _module_preset=&#8221;default&#8221; hover_enabled=&#8221;0&#8243; sticky_enabled=&#8221;0&#8243;][\/et_pb_text][\/et_pb_column][\/et_pb_row][\/et_pb_section][et_pb_section fb_built=&#8221;1&#8243; admin_label=&#8221;Footer&#8221; _builder_version=&#8221;4.16.0&#8243; _module_preset=&#8221;default&#8221; background_color=&#8221;#0F1154&#8243; saved_tabs=&#8221;all&#8221; locked=&#8221;off&#8221; collapsed=&#8221;on&#8221; global_colors_info=&#8221;{}&#8221;][et_pb_row column_structure=&#8221;1_3,2_3&#8243; _builder_version=&#8221;4.21.0&#8243; _module_preset=&#8221;default&#8221; global_colors_info=&#8221;{}&#8221;][et_pb_column type=&#8221;1_3&#8243; _builder_version=&#8221;4.16.0&#8243; _module_preset=&#8221;default&#8221; global_colors_info=&#8221;{}&#8221;][et_pb_text _builder_version=&#8221;4.21.0&#8243; _module_preset=&#8221;89e8f159-669b-4873-a528-8be274fa7efc&#8221; header_4_font=&#8221;Montserrat|700||on|||||&#8221; header_4_text_color=&#8221;#FFBA52&#8243; header_4_font_size=&#8221;16px&#8221; header_4_letter_spacing=&#8221;0.3em&#8221; header_4_line_height=&#8221;1.6em&#8221; custom_margin=&#8221;||0px||false|false&#8221; header_4_font_size_tablet=&#8221;14px&#8221; header_4_font_size_phone=&#8221;12px&#8221; header_4_font_size_last_edited=&#8221;on|phone&#8221; global_colors_info=&#8221;{}&#8221;]<\/p>\n<h4>HAUTSDEFRANCESASSURANCES.FR<\/h4>\n<p>[\/et_pb_text][et_pb_social_media_follow use_icon_font_size=&#8221;on&#8221; icon_font_size=&#8221;20px&#8221; _builder_version=&#8221;4.16.0&#8243; _module_preset=&#8221;default&#8221; custom_padding=&#8221;||||false|false&#8221; global_colors_info=&#8221;{}&#8221;][et_pb_social_media_follow_network social_network=&#8221;twitter&#8221; _builder_version=&#8221;4.16.0&#8243; _module_preset=&#8221;default&#8221; background_enable_color=&#8221;off&#8221; global_colors_info=&#8221;{}&#8221; follow_button=&#8221;off&#8221; url_new_window=&#8221;on&#8221;]twitter[\/et_pb_social_media_follow_network][et_pb_social_media_follow_network social_network=&#8221;facebook&#8221; _builder_version=&#8221;4.16.0&#8243; _module_preset=&#8221;default&#8221; background_enable_color=&#8221;off&#8221; global_colors_info=&#8221;{}&#8221; follow_button=&#8221;off&#8221; url_new_window=&#8221;on&#8221;]facebook[\/et_pb_social_media_follow_network][et_pb_social_media_follow_network social_network=&#8221;instagram&#8221; _builder_version=&#8221;4.16.0&#8243; _module_preset=&#8221;default&#8221; background_enable_color=&#8221;off&#8221; global_colors_info=&#8221;{}&#8221; follow_button=&#8221;off&#8221; url_new_window=&#8221;on&#8221;]instagram[\/et_pb_social_media_follow_network][\/et_pb_social_media_follow][\/et_pb_column][et_pb_column type=&#8221;2_3&#8243; _builder_version=&#8221;4.16.0&#8243; _module_preset=&#8221;default&#8221; custom_padding_tablet=&#8221;||||false|false&#8221; custom_padding_phone=&#8221;||||false|false&#8221; custom_padding_last_edited=&#8221;on|tablet&#8221; global_colors_info=&#8221;{}&#8221;][et_pb_text _builder_version=&#8221;4.21.0&#8243; _module_preset=&#8221;a751df79-3e8e-4693-a7d6-736a96115ddf&#8221; text_font=&#8221;Roboto|500|||||||&#8221; text_text_color=&#8221;#000000&#8243; text_font_size=&#8221;18px&#8221; text_line_height=&#8221;180%&#8221; header_font=&#8221;Montserrat|700|||||||&#8221; header_text_color=&#8221;#0F1154&#8243; header_font_size=&#8221;125px&#8221; header_line_height=&#8221;110%&#8221; header_2_font=&#8221;Montserrat|600|||||||&#8221; header_2_text_color=&#8221;#0F1154&#8243; header_2_font_size=&#8221;70px&#8221; header_2_line_height=&#8221;120%&#8221; header_3_font=&#8221;Montserrat|600|||||||&#8221; header_3_text_color=&#8221;#FFFFFF&#8221; header_3_font_size=&#8221;40px&#8221; header_3_line_height=&#8221;140%&#8221; header_4_font=&#8221;Montserrat|700|||||||&#8221; header_4_text_color=&#8221;#0F1154&#8243; header_4_font_size=&#8221;28px&#8221; header_4_line_height=&#8221;1.6em&#8221; header_5_font=&#8221;Montserrat|700|||||||&#8221; header_5_text_color=&#8221;#0F1154&#8243; header_5_font_size=&#8221;18px&#8221; header_5_line_height=&#8221;150%&#8221; header_6_font=&#8221;Montserrat||||||||&#8221; header_6_text_color=&#8221;#0F1154&#8243; custom_margin=&#8221;||||false|false&#8221; custom_margin_tablet=&#8221;5vw||0px||false|false&#8221; custom_margin_phone=&#8221;5vw||0px||false|false&#8221; custom_margin_last_edited=&#8221;on|tablet&#8221; text_font_size_tablet=&#8221;&#8221; text_font_size_phone=&#8221;14px&#8221; text_font_size_last_edited=&#8221;on|phone&#8221; header_font_size_tablet=&#8221;40px&#8221; header_font_size_phone=&#8221;24px&#8221; header_font_size_last_edited=&#8221;on|tablet&#8221; header_2_font_size_tablet=&#8221;30px&#8221; header_2_font_size_phone=&#8221;20px&#8221; header_2_font_size_last_edited=&#8221;on|tablet&#8221; header_3_font_size_tablet=&#8221;20px&#8221; header_3_font_size_phone=&#8221;16px&#8221; header_3_font_size_last_edited=&#8221;on|tablet&#8221; header_4_font_size_tablet=&#8221;22px&#8221; header_4_font_size_phone=&#8221;16px&#8221; header_4_font_size_last_edited=&#8221;on|phone&#8221; header_5_font_size_tablet=&#8221;16px&#8221; header_5_font_size_phone=&#8221;14px&#8221; header_5_font_size_last_edited=&#8221;on|tablet&#8221; global_colors_info=&#8221;{}&#8221;]<\/p>\n<h3>Inscrivez-vous \u00e0 notre newsletter, des offres sp\u00e9ciales toute l&#8217;ann\u00e9e<\/h3>\n<p>[\/et_pb_text][et_pb_signup mailchimp_list=&#8221;johnmed11|4df712ed92&#8243; first_name_field=&#8221;off&#8221; last_name_field=&#8221;off&#8221; button_text=&#8221;Recevoir les offres sp\u00e9ciales&#8221; _builder_version=&#8221;4.21.0&#8243; _module_preset=&#8221;default&#8221; form_field_background_color=&#8221;RGBA(255,255,255,0)&#8221; form_field_text_color=&#8221;#E5E5E5&#8243; form_field_font=&#8221;Roboto||||||||&#8221; form_field_font_size=&#8221;18px&#8221; use_background_color=&#8221;off&#8221; custom_button=&#8221;on&#8221; button_text_size=&#8221;18px&#8221; button_text_color=&#8221;#000000&#8243; button_bg_color=&#8221;#FFFFFF&#8221; button_border_width=&#8221;0px&#8221; button_border_radius=&#8221;0px&#8221; button_font=&#8221;Roboto|500|||||||&#8221; button_use_icon=&#8221;off&#8221; button_custom_padding=&#8221;15px||15px||true|false&#8221; form_field_font_size_tablet=&#8221;18px&#8221; form_field_font_size_phone=&#8221;14px&#8221; form_field_font_size_last_edited=&#8221;on|phone&#8221; button_text_size_tablet=&#8221;18px&#8221; button_text_size_phone=&#8221;14px&#8221; button_text_size_last_edited=&#8221;on|phone&#8221; border_radii_fields=&#8221;on|0px|0px|0px|0px&#8221; border_width_all_fields=&#8221;2px&#8221; border_color_all_fields=&#8221;#FFFFFF&#8221; global_colors_info=&#8221;{}&#8221;][\/et_pb_signup][\/et_pb_column][\/et_pb_row][\/et_pb_section]<\/p>\n","protected":false},"excerpt":{"rendered":"<p>Contactez-nousEmailinfos@hautsdefranceassurances.frBureauCentre Initia \/ Za Porte Nord Bruay-La-Buissi\u00e8re 62700T\u00e9l\u00e9Phone 06 25 35 14 5306 25 35 14 53Laissez nous vos coordonn\u00e9es, on vous recontacte directement !Vous \u00eates \u00e0 la recherche de la meilleure assurance pour vous ou votre entreprise ? Ne cherchez plus, notre cabinet est l\u00e0 pour vous aider \u00e0 trouver la solution la plus [&hellip;]<\/p>\n","protected":false},"author":1,"featured_media":0,"parent":0,"menu_order":0,"comment_status":"closed","ping_status":"closed","template":"","meta":{"_et_pb_use_builder":"on","_et_pb_old_content":"","_et_gb_content_width":"","om_disable_all_campaigns":false,"_mi_skip_tracking":false,"_monsterinsights_sitenote_active":false,"_monsterinsights_sitenote_note":"","_monsterinsights_sitenote_category":0},"aioseo_notices":[],"yoast_head":"<!-- This site is optimized with the Yoast SEO plugin v20.9 - https:\/\/yoast.com\/wordpress\/plugins\/seo\/ -->\n<title>Contact - hautsdefranceassurances.fr<\/title>\n<meta name=\"description\" content=\"Besoin d&#039;un renseignement ou d&#039;une assistance pour votre assurance ? Notre \u00e9quipe d&#039;experts est \u00e0 votre disposition pour r\u00e9pondre \u00e0 toutes vos questions et vous accompagner dans la gestion de votre contrat. Contactez-nous d\u00e8s maintenant pour b\u00e9n\u00e9ficier d&#039;un service personnalis\u00e9 et rapide. Nous sommes l\u00e0 pour vous aider.\" \/>\n<meta name=\"robots\" content=\"index, follow, max-snippet:-1, max-image-preview:large, max-video-preview:-1\" \/>\n<link rel=\"canonical\" href=\"https:\/\/hautsdefranceassurances.fr\/?page_id=36\" \/>\n<meta property=\"og:locale\" content=\"en_US\" \/>\n<meta property=\"og:type\" content=\"article\" \/>\n<meta property=\"og:title\" content=\"Contact - hautsdefranceassurances.fr\" \/>\n<meta property=\"og:description\" content=\"Besoin d&#039;un renseignement ou d&#039;une assistance pour votre assurance ? Notre \u00e9quipe d&#039;experts est \u00e0 votre disposition pour r\u00e9pondre \u00e0 toutes vos questions et vous accompagner dans la gestion de votre contrat. Contactez-nous d\u00e8s maintenant pour b\u00e9n\u00e9ficier d&#039;un service personnalis\u00e9 et rapide. Nous sommes l\u00e0 pour vous aider.\" \/>\n<meta property=\"og:url\" content=\"https:\/\/hautsdefranceassurances.fr\/?page_id=36\" \/>\n<meta property=\"og:site_name\" content=\"hautsdefranceassurances.fr\" \/>\n<meta property=\"article:modified_time\" content=\"2023-07-06T13:17:11+00:00\" \/>\n<meta name=\"twitter:card\" content=\"summary_large_image\" \/>\n<meta name=\"twitter:label1\" content=\"Est. reading time\" \/>\n\t<meta name=\"twitter:data1\" content=\"4 minutes\" \/>\n<script type=\"application\/ld+json\" class=\"yoast-schema-graph\">{\"@context\":\"https:\/\/schema.org\",\"@graph\":[{\"@type\":\"WebPage\",\"@id\":\"https:\/\/hautsdefranceassurances.fr\/?page_id=36\",\"url\":\"https:\/\/hautsdefranceassurances.fr\/?page_id=36\",\"name\":\"Contact - hautsdefranceassurances.fr\",\"isPartOf\":{\"@id\":\"https:\/\/hautsdefranceassurances.fr\/#website\"},\"datePublished\":\"2023-04-27T13:53:29+00:00\",\"dateModified\":\"2023-07-06T13:17:11+00:00\",\"description\":\"Besoin d'un renseignement ou d'une assistance pour votre assurance ? Notre \u00e9quipe d'experts est \u00e0 votre disposition pour r\u00e9pondre \u00e0 toutes vos questions et vous accompagner dans la gestion de votre contrat. Contactez-nous d\u00e8s maintenant pour b\u00e9n\u00e9ficier d'un service personnalis\u00e9 et rapide. Nous sommes l\u00e0 pour vous aider.\",\"breadcrumb\":{\"@id\":\"https:\/\/hautsdefranceassurances.fr\/?page_id=36#breadcrumb\"},\"inLanguage\":\"en-US\",\"potentialAction\":[{\"@type\":\"ReadAction\",\"target\":[\"https:\/\/hautsdefranceassurances.fr\/?page_id=36\"]}]},{\"@type\":\"BreadcrumbList\",\"@id\":\"https:\/\/hautsdefranceassurances.fr\/?page_id=36#breadcrumb\",\"itemListElement\":[{\"@type\":\"ListItem\",\"position\":1,\"name\":\"Accueil\",\"item\":\"https:\/\/hautsdefranceassurances.fr\/\"},{\"@type\":\"ListItem\",\"position\":2,\"name\":\"Contact\"}]},{\"@type\":\"WebSite\",\"@id\":\"https:\/\/hautsdefranceassurances.fr\/#website\",\"url\":\"https:\/\/hautsdefranceassurances.fr\/\",\"name\":\"hautsdefranceassurances.fr\",\"description\":\"\",\"potentialAction\":[{\"@type\":\"SearchAction\",\"target\":{\"@type\":\"EntryPoint\",\"urlTemplate\":\"https:\/\/hautsdefranceassurances.fr\/?s={search_term_string}\"},\"query-input\":\"required name=search_term_string\"}],\"inLanguage\":\"en-US\"}]}<\/script>\n<!-- \/ Yoast SEO plugin. -->","yoast_head_json":{"title":"Contact - hautsdefranceassurances.fr","description":"Besoin d'un renseignement ou d'une assistance pour votre assurance ? Notre \u00e9quipe d'experts est \u00e0 votre disposition pour r\u00e9pondre \u00e0 toutes vos questions et vous accompagner dans la gestion de votre contrat. Contactez-nous d\u00e8s maintenant pour b\u00e9n\u00e9ficier d'un service personnalis\u00e9 et rapide. Nous sommes l\u00e0 pour vous aider.","robots":{"index":"index","follow":"follow","max-snippet":"max-snippet:-1","max-image-preview":"max-image-preview:large","max-video-preview":"max-video-preview:-1"},"canonical":"https:\/\/hautsdefranceassurances.fr\/?page_id=36","og_locale":"en_US","og_type":"article","og_title":"Contact - hautsdefranceassurances.fr","og_description":"Besoin d'un renseignement ou d'une assistance pour votre assurance ? Notre \u00e9quipe d'experts est \u00e0 votre disposition pour r\u00e9pondre \u00e0 toutes vos questions et vous accompagner dans la gestion de votre contrat. Contactez-nous d\u00e8s maintenant pour b\u00e9n\u00e9ficier d'un service personnalis\u00e9 et rapide. Nous sommes l\u00e0 pour vous aider.","og_url":"https:\/\/hautsdefranceassurances.fr\/?page_id=36","og_site_name":"hautsdefranceassurances.fr","article_modified_time":"2023-07-06T13:17:11+00:00","twitter_card":"summary_large_image","twitter_misc":{"Est. reading time":"4 minutes"},"schema":{"@context":"https:\/\/schema.org","@graph":[{"@type":"WebPage","@id":"https:\/\/hautsdefranceassurances.fr\/?page_id=36","url":"https:\/\/hautsdefranceassurances.fr\/?page_id=36","name":"Contact - hautsdefranceassurances.fr","isPartOf":{"@id":"https:\/\/hautsdefranceassurances.fr\/#website"},"datePublished":"2023-04-27T13:53:29+00:00","dateModified":"2023-07-06T13:17:11+00:00","description":"Besoin d'un renseignement ou d'une assistance pour votre assurance ? Notre \u00e9quipe d'experts est \u00e0 votre disposition pour r\u00e9pondre \u00e0 toutes vos questions et vous accompagner dans la gestion de votre contrat. Contactez-nous d\u00e8s maintenant pour b\u00e9n\u00e9ficier d'un service personnalis\u00e9 et rapide. Nous sommes l\u00e0 pour vous aider.","breadcrumb":{"@id":"https:\/\/hautsdefranceassurances.fr\/?page_id=36#breadcrumb"},"inLanguage":"en-US","potentialAction":[{"@type":"ReadAction","target":["https:\/\/hautsdefranceassurances.fr\/?page_id=36"]}]},{"@type":"BreadcrumbList","@id":"https:\/\/hautsdefranceassurances.fr\/?page_id=36#breadcrumb","itemListElement":[{"@type":"ListItem","position":1,"name":"Accueil","item":"https:\/\/hautsdefranceassurances.fr\/"},{"@type":"ListItem","position":2,"name":"Contact"}]},{"@type":"WebSite","@id":"https:\/\/hautsdefranceassurances.fr\/#website","url":"https:\/\/hautsdefranceassurances.fr\/","name":"hautsdefranceassurances.fr","description":"","potentialAction":[{"@type":"SearchAction","target":{"@type":"EntryPoint","urlTemplate":"https:\/\/hautsdefranceassurances.fr\/?s={search_term_string}"},"query-input":"required name=search_term_string"}],"inLanguage":"en-US"}]}},"_links":{"self":[{"href":"https:\/\/hautsdefranceassurances.fr\/index.php?rest_route=\/wp\/v2\/pages\/36"}],"collection":[{"href":"https:\/\/hautsdefranceassurances.fr\/index.php?rest_route=\/wp\/v2\/pages"}],"about":[{"href":"https:\/\/hautsdefranceassurances.fr\/index.php?rest_route=\/wp\/v2\/types\/page"}],"author":[{"embeddable":true,"href":"https:\/\/hautsdefranceassurances.fr\/index.php?rest_route=\/wp\/v2\/users\/1"}],"replies":[{"embeddable":true,"href":"https:\/\/hautsdefranceassurances.fr\/index.php?rest_route=%2Fwp%2Fv2%2Fcomments&post=36"}],"version-history":[{"count":8,"href":"https:\/\/hautsdefranceassurances.fr\/index.php?rest_route=\/wp\/v2\/pages\/36\/revisions"}],"predecessor-version":[{"id":264,"href":"https:\/\/hautsdefranceassurances.fr\/index.php?rest_route=\/wp\/v2\/pages\/36\/revisions\/264"}],"wp:attachment":[{"href":"https:\/\/hautsdefranceassurances.fr\/index.php?rest_route=%2Fwp%2Fv2%2Fmedia&parent=36"}],"curies":[{"name":"wp","href":"https:\/\/api.w.org\/{rel}","templated":true}]}}